{"id":5095,"date":"2022-11-04T15:36:54","date_gmt":"2022-11-04T08:36:54","guid":{"rendered":"https:\/\/afamo.com.mx\/?page_id=5095"},"modified":"2024-12-13T22:25:27","modified_gmt":"2024-12-13T22:25:27","slug":"contact-us","status":"publish","type":"page","link":"https:\/\/afamo.com.mx\/?page_id=5095","title":{"rendered":"Contacto"},"content":{"rendered":"\t\t<div data-elementor-type=\"wp-page\" data-elementor-id=\"5095\" class=\"elementor elementor-5095\" data-elementor-post-type=\"page\">\n\t\t\t\t<div class=\"elementor-element elementor-element-ec77b3e e-flex e-con-boxed e-con e-parent\" data-id=\"ec77b3e\" data-element_type=\"container\" data-settings=\"{&quot;background_background&quot;:&quot;classic&quot;}\">\n\t\t\t\t\t<div class=\"e-con-inner\">\n\t\t\t\t<div class=\"elementor-element elementor-element-c2d67da elementor-widget elementor-widget-heading\" data-id=\"c2d67da\" data-element_type=\"widget\" data-widget_type=\"heading.default\">\n\t\t\t\t<div class=\"elementor-widget-container\">\n\t\t\t<style>\/*! elementor - v3.21.0 - 30-04-2024 *\/\n.elementor-heading-title{padding:0;margin:0;line-height:1}.elementor-widget-heading .elementor-heading-title[class*=elementor-size-]>a{color:inherit;font-size:inherit;line-height:inherit}.elementor-widget-heading .elementor-heading-title.elementor-size-small{font-size:15px}.elementor-widget-heading .elementor-heading-title.elementor-size-medium{font-size:19px}.elementor-widget-heading .elementor-heading-title.elementor-size-large{font-size:29px}.elementor-widget-heading .elementor-heading-title.elementor-size-xl{font-size:39px}.elementor-widget-heading .elementor-heading-title.elementor-size-xxl{font-size:59px}<\/style><h2 class=\"elementor-heading-title elementor-size-default\">Cont\u00e1ctanos <\/h2>\t\t<\/div>\n\t\t\t\t<\/div>\n\t\t\t\t\t<\/div>\n\t\t\t\t<\/div>\n\t\t<div class=\"elementor-element elementor-element-2b8c9a2 e-flex e-con-boxed e-con e-parent\" data-id=\"2b8c9a2\" data-element_type=\"container\">\n\t\t\t\t\t<div class=\"e-con-inner\">\n\t\t<div class=\"elementor-element elementor-element-9b86f4e e-flex e-con-boxed e-con e-child\" data-id=\"9b86f4e\" data-element_type=\"container\" data-settings=\"{&quot;background_background&quot;:&quot;classic&quot;}\">\n\t\t\t\t\t<div class=\"e-con-inner\">\n\t\t<div class=\"elementor-element elementor-element-ee8f64d e-con-full e-flex e-con e-child\" data-id=\"ee8f64d\" data-element_type=\"container\">\n\t\t\t\t<div class=\"elementor-element elementor-element-4c09c17 elementor-widget elementor-widget-heading\" data-id=\"4c09c17\" data-element_type=\"widget\" data-widget_type=\"heading.default\">\n\t\t\t\t<div class=\"elementor-widget-container\">\n\t\t\t<h2 class=\"elementor-heading-title elementor-size-default\">Cont\u00e1cto<\/h2>\t\t<\/div>\n\t\t\t\t<\/div>\n\t\t\t\t<div class=\"elementor-element elementor-element-b2dabc2 elementor-widget elementor-widget-spacer\" data-id=\"b2dabc2\" data-element_type=\"widget\" data-widget_type=\"spacer.default\">\n\t\t\t\t<div class=\"elementor-widget-container\">\n\t\t\t<style>\/*! elementor - v3.21.0 - 30-04-2024 *\/\n.elementor-column .elementor-spacer-inner{height:var(--spacer-size)}.e-con{--container-widget-width:100%}.e-con-inner>.elementor-widget-spacer,.e-con>.elementor-widget-spacer{width:var(--container-widget-width,var(--spacer-size));--align-self:var(--container-widget-align-self,initial);--flex-shrink:0}.e-con-inner>.elementor-widget-spacer>.elementor-widget-container,.e-con>.elementor-widget-spacer>.elementor-widget-container{height:100%;width:100%}.e-con-inner>.elementor-widget-spacer>.elementor-widget-container>.elementor-spacer,.e-con>.elementor-widget-spacer>.elementor-widget-container>.elementor-spacer{height:100%}.e-con-inner>.elementor-widget-spacer>.elementor-widget-container>.elementor-spacer>.elementor-spacer-inner,.e-con>.elementor-widget-spacer>.elementor-widget-container>.elementor-spacer>.elementor-spacer-inner{height:var(--container-widget-height,var(--spacer-size))}.e-con-inner>.elementor-widget-spacer.elementor-widget-empty,.e-con>.elementor-widget-spacer.elementor-widget-empty{position:relative;min-height:22px;min-width:22px}.e-con-inner>.elementor-widget-spacer.elementor-widget-empty .elementor-widget-empty-icon,.e-con>.elementor-widget-spacer.elementor-widget-empty .elementor-widget-empty-icon{position:absolute;top:0;bottom:0;left:0;right:0;margin:auto;padding:0;width:22px;height:22px}<\/style>\t\t<div class=\"elementor-spacer\">\n\t\t\t<div class=\"elementor-spacer-inner\"><\/div>\n\t\t<\/div>\n\t\t\t\t<\/div>\n\t\t\t\t<\/div>\n\t\t\t\t<div class=\"elementor-element elementor-element-8ab4fce elementor-widget elementor-widget-heading\" data-id=\"8ab4fce\" data-element_type=\"widget\" data-widget_type=\"heading.default\">\n\t\t\t\t<div class=\"elementor-widget-container\">\n\t\t\t<h4 class=\"elementor-heading-title elementor-size-default\">Horarios de atenci\u00f3n:<\/h4>\t\t<\/div>\n\t\t\t\t<\/div>\n\t\t\t\t<div class=\"elementor-element elementor-element-35ca821 elementor-widget elementor-widget-spacer\" data-id=\"35ca821\" data-element_type=\"widget\" data-widget_type=\"spacer.default\">\n\t\t\t\t<div class=\"elementor-widget-container\">\n\t\t\t\t\t<div class=\"elementor-spacer\">\n\t\t\t<div class=\"elementor-spacer-inner\"><\/div>\n\t\t<\/div>\n\t\t\t\t<\/div>\n\t\t\t\t<\/div>\n\t\t\t\t<div class=\"elementor-element elementor-element-1d54814 elementor-widget elementor-widget-text-editor\" data-id=\"1d54814\" data-element_type=\"widget\" data-widget_type=\"text-editor.default\">\n\t\t\t\t<div class=\"elementor-widget-container\">\n\t\t\t<style>\/*! elementor - v3.21.0 - 30-04-2024 *\/\n.elementor-widget-text-editor.elementor-drop-cap-view-stacked .elementor-drop-cap{background-color:#69727d;color:#fff}.elementor-widget-text-editor.elementor-drop-cap-view-framed .elementor-drop-cap{color:#69727d;border:3px solid;background-color:transparent}.elementor-widget-text-editor:not(.elementor-drop-cap-view-default) .elementor-drop-cap{margin-top:8px}.elementor-widget-text-editor:not(.elementor-drop-cap-view-default) .elementor-drop-cap-letter{width:1em;height:1em}.elementor-widget-text-editor .elementor-drop-cap{float:left;text-align:center;line-height:1;font-size:50px}.elementor-widget-text-editor .elementor-drop-cap-letter{display:inline-block}<\/style>\t\t\t\t<p>Lunes a viernes de 9:00 a 18:00 hrs.<\/p>\t\t\t\t\t\t<\/div>\n\t\t\t\t<\/div>\n\t\t\t\t<div class=\"elementor-element elementor-element-3eb6fc2 elementor-widget elementor-widget-spacer\" data-id=\"3eb6fc2\" data-element_type=\"widget\" data-widget_type=\"spacer.default\">\n\t\t\t\t<div class=\"elementor-widget-container\">\n\t\t\t\t\t<div class=\"elementor-spacer\">\n\t\t\t<div class=\"elementor-spacer-inner\"><\/div>\n\t\t<\/div>\n\t\t\t\t<\/div>\n\t\t\t\t<\/div>\n\t\t\t\t<div class=\"elementor-element elementor-element-e6d5dd8 elementor-widget elementor-widget-text-editor\" data-id=\"e6d5dd8\" data-element_type=\"widget\" data-widget_type=\"text-editor.default\">\n\t\t\t\t<div class=\"elementor-widget-container\">\n\t\t\t\t\t\t\t<p>331 137 1831<\/p>\t\t\t\t\t\t<\/div>\n\t\t\t\t<\/div>\n\t\t\t\t<div class=\"elementor-element elementor-element-018047b elementor-widget elementor-widget-spacer\" data-id=\"018047b\" data-element_type=\"widget\" data-widget_type=\"spacer.default\">\n\t\t\t\t<div class=\"elementor-widget-container\">\n\t\t\t\t\t<div class=\"elementor-spacer\">\n\t\t\t<div class=\"elementor-spacer-inner\"><\/div>\n\t\t<\/div>\n\t\t\t\t<\/div>\n\t\t\t\t<\/div>\n\t\t\t\t<div class=\"elementor-element elementor-element-b2cf3ea elementor-widget elementor-widget-heading\" data-id=\"b2cf3ea\" data-element_type=\"widget\" data-widget_type=\"heading.default\">\n\t\t\t\t<div class=\"elementor-widget-container\">\n\t\t\t<h4 class=\"elementor-heading-title elementor-size-default\">Escribenos al:<\/h4>\t\t<\/div>\n\t\t\t\t<\/div>\n\t\t\t\t<div class=\"elementor-element elementor-element-f8e27e9 elementor-widget elementor-widget-spacer\" data-id=\"f8e27e9\" data-element_type=\"widget\" data-widget_type=\"spacer.default\">\n\t\t\t\t<div class=\"elementor-widget-container\">\n\t\t\t\t\t<div class=\"elementor-spacer\">\n\t\t\t<div class=\"elementor-spacer-inner\"><\/div>\n\t\t<\/div>\n\t\t\t\t<\/div>\n\t\t\t\t<\/div>\n\t\t\t\t<div class=\"elementor-element elementor-element-2bcbe6c elementor-widget__width-initial elementor-widget elementor-widget-text-editor\" data-id=\"2bcbe6c\" data-element_type=\"widget\" data-widget_type=\"text-editor.default\">\n\t\t\t\t<div class=\"elementor-widget-container\">\n\t\t\t\t\t\t\t<p>Env\u00edanos un correo electr\u00f3nico al<\/p>\t\t\t\t\t\t<\/div>\n\t\t\t\t<\/div>\n\t\t\t\t<div class=\"elementor-element elementor-element-e03e626 elementor-widget elementor-widget-spacer\" data-id=\"e03e626\" data-element_type=\"widget\" data-widget_type=\"spacer.default\">\n\t\t\t\t<div class=\"elementor-widget-container\">\n\t\t\t\t\t<div class=\"elementor-spacer\">\n\t\t\t<div class=\"elementor-spacer-inner\"><\/div>\n\t\t<\/div>\n\t\t\t\t<\/div>\n\t\t\t\t<\/div>\n\t\t\t\t<div class=\"elementor-element elementor-element-8075a49 elementor-widget elementor-widget-text-editor\" data-id=\"8075a49\" data-element_type=\"widget\" data-widget_type=\"text-editor.default\">\n\t\t\t\t<div class=\"elementor-widget-container\">\n\t\t\t\t\t\t\t<p>vinculacion@afamo.com.mx\u00a0<\/p>\t\t\t\t\t\t<\/div>\n\t\t\t\t<\/div>\n\t\t\t\t<div class=\"elementor-element elementor-element-e43f690 elementor-widget elementor-widget-spacer\" data-id=\"e43f690\" data-element_type=\"widget\" data-widget_type=\"spacer.default\">\n\t\t\t\t<div class=\"elementor-widget-container\">\n\t\t\t\t\t<div class=\"elementor-spacer\">\n\t\t\t<div class=\"elementor-spacer-inner\"><\/div>\n\t\t<\/div>\n\t\t\t\t<\/div>\n\t\t\t\t<\/div>\n\t\t\t\t<div class=\"elementor-element elementor-element-4023e84 elementor-widget elementor-widget-heading\" data-id=\"4023e84\" data-element_type=\"widget\" data-widget_type=\"heading.default\">\n\t\t\t\t<div class=\"elementor-widget-container\">\n\t\t\t<h4 class=\"elementor-heading-title elementor-size-default\">Domicilio:<\/h4>\t\t<\/div>\n\t\t\t\t<\/div>\n\t\t\t\t<div class=\"elementor-element elementor-element-5f41f1f elementor-widget elementor-widget-spacer\" data-id=\"5f41f1f\" data-element_type=\"widget\" data-widget_type=\"spacer.default\">\n\t\t\t\t<div class=\"elementor-widget-container\">\n\t\t\t\t\t<div class=\"elementor-spacer\">\n\t\t\t<div class=\"elementor-spacer-inner\"><\/div>\n\t\t<\/div>\n\t\t\t\t<\/div>\n\t\t\t\t<\/div>\n\t\t\t\t<div class=\"elementor-element elementor-element-967a687 elementor-widget elementor-widget-text-editor\" data-id=\"967a687\" data-element_type=\"widget\" data-widget_type=\"text-editor.default\">\n\t\t\t\t<div class=\"elementor-widget-container\">\n\t\t\t\t\t\t\t<p>Av Universidad 2000-A Colonia Linda Vista, Ocotl\u00e1n Jalisco, M\u00e9xico.<\/p>\t\t\t\t\t\t<\/div>\n\t\t\t\t<\/div>\n\t\t\t\t<div class=\"elementor-element elementor-element-a104da6 elementor-widget elementor-widget-spacer\" data-id=\"a104da6\" data-element_type=\"widget\" data-widget_type=\"spacer.default\">\n\t\t\t\t<div class=\"elementor-widget-container\">\n\t\t\t\t\t<div class=\"elementor-spacer\">\n\t\t\t<div class=\"elementor-spacer-inner\"><\/div>\n\t\t<\/div>\n\t\t\t\t<\/div>\n\t\t\t\t<\/div>\n\t\t\t\t<\/div>\n\t\t<div class=\"elementor-element elementor-element-f9740d9 e-con-full e-flex e-con e-child\" data-id=\"f9740d9\" data-element_type=\"container\">\n\t\t\t\t<div class=\"elementor-element elementor-element-9fbd8f8 elementor-widget elementor-widget-heading\" data-id=\"9fbd8f8\" data-element_type=\"widget\" data-widget_type=\"heading.default\">\n\t\t\t\t<div class=\"elementor-widget-container\">\n\t\t\t<h2 class=\"elementor-heading-title elementor-size-default\">Env\u00edanos un mensaje. <\/h2>\t\t<\/div>\n\t\t\t\t<\/div>\n\t\t\t\t<div class=\"elementor-element elementor-element-160084e elementor-widget elementor-widget-spacer\" data-id=\"160084e\" data-element_type=\"widget\" data-widget_type=\"spacer.default\">\n\t\t\t\t<div class=\"elementor-widget-container\">\n\t\t\t\t\t<div class=\"elementor-spacer\">\n\t\t\t<div class=\"elementor-spacer-inner\"><\/div>\n\t\t<\/div>\n\t\t\t\t<\/div>\n\t\t\t\t<\/div>\n\t\t\t\t<div class=\"elementor-element elementor-element-584a33a elementor-widget elementor-widget-shortcode\" data-id=\"584a33a\" data-element_type=\"widget\" data-widget_type=\"shortcode.default\">\n\t\t\t\t<div class=\"elementor-widget-container\">\n\t\t\t\t\t<div class=\"elementor-shortcode\">\n<div class=\"wpcf7 no-js\" id=\"wpcf7-f8-o1\" lang=\"es-MX\" dir=\"ltr\">\n<div class=\"screen-reader-response\"><p role=\"status\" aria-live=\"polite\" aria-atomic=\"true\"><\/p> <ul><\/ul><\/div>\n<form action=\"\/index.php?rest_route=%2Fwp%2Fv2%2Fpages%2F5095#wpcf7-f8-o1\" method=\"post\" class=\"wpcf7-form init\" aria-label=\"Formulario de contacto\" novalidate=\"novalidate\" data-status=\"init\">\n<div style=\"display: none;\">\n<input type=\"hidden\" name=\"_wpcf7\" value=\"8\" \/>\n<input type=\"hidden\" name=\"_wpcf7_version\" value=\"5.8.6\" \/>\n<input type=\"hidden\" name=\"_wpcf7_locale\" value=\"es_MX\" \/>\n<input type=\"hidden\" name=\"_wpcf7_unit_tag\" value=\"wpcf7-f8-o1\" \/>\n<input type=\"hidden\" name=\"_wpcf7_container_post\" value=\"0\" \/>\n<input type=\"hidden\" name=\"_wpcf7_posted_data_hash\" value=\"\" \/>\n<\/div>\n<p><label> Tu nombre<br \/>\n<span class=\"wpcf7-form-control-wrap\" data-name=\"your-name\"><input size=\"40\" class=\"wpcf7-form-control wpcf7-text wpcf7-validates-as-required\" autocomplete=\"name\" aria-required=\"true\" aria-invalid=\"false\" value=\"\" type=\"text\" name=\"your-name\" \/><\/span> <\/label>\n<\/p>\n<p><label> Tu correo electr\u00f3nico<br \/>\n<span class=\"wpcf7-form-control-wrap\" data-name=\"your-email\"><input size=\"40\" class=\"wpcf7-form-control wpcf7-email wpcf7-validates-as-required wpcf7-text wpcf7-validates-as-email\" autocomplete=\"email\" aria-required=\"true\" aria-invalid=\"false\" value=\"\" type=\"email\" name=\"your-email\" \/><\/span> <\/label>\n<\/p>\n<p><label> Asunto<br \/>\n<span class=\"wpcf7-form-control-wrap\" data-name=\"your-subject\"><input size=\"40\" class=\"wpcf7-form-control wpcf7-text wpcf7-validates-as-required\" aria-required=\"true\" aria-invalid=\"false\" value=\"\" type=\"text\" name=\"your-subject\" \/><\/span> <\/label>\n<\/p>\n<p><label> Tu mensaje<br \/>\n<span class=\"wpcf7-form-control-wrap\" data-name=\"your-message\"><textarea cols=\"40\" rows=\"10\" class=\"wpcf7-form-control wpcf7-textarea wpcf7-validates-as-required\" aria-required=\"true\" aria-invalid=\"false\" name=\"your-message\"><\/textarea><\/span> <\/label>\n<\/p>\n<p><input class=\"wpcf7-form-control wpcf7-submit has-spinner\" type=\"submit\" value=\"Enviar Mensaje\" \/>\n<\/p><div class=\"wpcf7-response-output\" aria-hidden=\"true\"><\/div>\n<\/form>\n<\/div>\n<\/div>\n\t\t\t\t<\/div>\n\t\t\t\t<\/div>\n\t\t\t\t<\/div>\n\t\t\t\t\t<\/div>\n\t\t\t\t<\/div>\n\t\t\t\t\t<\/div>\n\t\t\t\t<\/div>\n\t\t<div class=\"elementor-element elementor-element-0be0e73 e-flex e-con-boxed e-con e-parent\" data-id=\"0be0e73\" data-element_type=\"container\">\n\t\t\t\t\t<div class=\"e-con-inner\">\n\t\t\t\t<div class=\"elementor-element elementor-element-818a9cb elementor-view-default elementor-widget elementor-widget-icon\" data-id=\"818a9cb\" data-element_type=\"widget\" data-widget_type=\"icon.default\">\n\t\t\t\t<div class=\"elementor-widget-container\">\n\t\t\t\t\t<div class=\"elementor-icon-wrapper\">\n\t\t\t<div class=\"elementor-icon\">\n\t\t\t<svg xmlns=\"http:\/\/www.w3.org\/2000\/svg\" width=\"1168pt\" height=\"532pt\" viewBox=\"0 0 1168 532\"><g id=\"#685f5aff\"><path fill=\"#685f5a\" opacity=\"1.00\" d=\" M 515.37 0.00 L 519.48 0.00 C 533.52 2.08 547.92 5.03 559.79 13.29 C 573.88 22.91 586.70 36.93 589.41 54.35 C 591.76 73.15 590.62 92.13 591.29 111.01 C 591.91 126.73 592.07 142.47 591.97 158.20 C 586.28 155.88 580.62 153.54 574.98 151.14 C 574.62 122.98 575.85 94.78 574.38 66.65 C 573.68 52.78 566.94 39.53 556.53 30.44 C 532.45 10.62 491.95 11.89 471.29 36.28 C 465.05 42.65 461.06 51.16 460.29 60.04 C 458.94 90.29 458.97 120.57 458.92 150.84 C 453.66 153.06 448.37 155.21 443.07 157.32 C 441.57 140.59 441.97 123.77 441.92 107.00 C 442.06 90.55 441.75 74.02 443.81 57.66 C 445.40 43.84 453.00 31.37 462.49 21.51 C 476.79 8.29 495.98 0.84 515.37 0.00 Z\"><\/path><path fill=\"#685f5a\" opacity=\"1.00\" d=\" M 513.01 20.00 C 514.75 20.00 518.25 20.00 519.99 20.00 C 520.02 56.67 519.97 93.35 520.07 130.02 C 519.99 136.14 520.08 143.05 516.02 148.08 C 514.80 143.85 514.24 139.43 514.10 135.04 C 513.70 96.69 512.46 58.36 513.01 20.00 Z\"><\/path><path fill=\"#685f5a\" opacity=\"1.00\" d=\" M 462.98 66.65 C 478.17 91.92 491.54 118.24 504.18 144.86 C 502.47 145.31 500.76 145.75 499.06 146.18 C 487.63 125.67 477.01 104.73 465.72 84.15 C 462.46 78.94 463.47 72.51 462.98 66.65 Z\"><\/path><path fill=\"#685f5a\" opacity=\"1.00\" d=\" M 553.47 96.40 C 558.66 86.87 563.31 76.98 569.49 68.03 C 569.53 74.08 571.26 80.84 567.16 86.08 C 555.65 106.05 545.81 127.03 533.06 146.26 C 531.65 145.94 530.25 145.63 528.85 145.30 C 535.95 128.46 545.11 112.62 553.47 96.40 Z\"><\/path><path fill=\"#685f5a\" opacity=\"1.00\" d=\" M 484.03 152.20 C 504.27 150.89 524.61 149.39 544.88 151.22 C 555.60 152.45 566.03 155.40 576.33 158.54 C 535.85 161.28 495.22 159.71 454.68 159.77 C 464.04 155.91 473.81 152.61 484.03 152.20 Z\"><\/path><path fill=\"#685f5a\" opacity=\"1.00\" d=\" M 442.00 165.01 C 492.00 165.00 542.00 164.98 592.00 165.01 C 591.99 171.00 591.99 177.00 592.00 182.99 C 542.00 183.00 492.00 183.02 442.00 182.99 C 441.99 176.99 442.00 171.00 442.00 165.01 Z\"><\/path><path fill=\"#685f5a\" opacity=\"1.00\" d=\" M 442.14 188.03 C 448.14 188.02 454.16 188.02 460.18 188.03 C 451.15 225.28 441.37 262.35 431.13 299.28 C 429.03 298.86 426.95 298.42 424.86 297.98 C 430.23 261.27 436.50 224.70 442.14 188.03 Z\"><\/path><path fill=\"#685f5a\" opacity=\"1.00\" d=\" M 478.52 187.65 C 482.06 188.11 485.66 188.66 489.21 189.17 C 483.93 207.76 479.43 226.59 473.35 244.94 C 468.00 240.67 471.80 233.57 471.96 228.00 C 474.23 214.56 474.71 200.79 478.52 187.65 Z\"><\/path><path fill=\"#685f5a\" opacity=\"1.00\" d=\" M 544.24 188.48 C 546.93 188.34 552.31 188.08 555.00 187.95 C 558.05 206.22 560.69 224.57 563.10 242.94 C 562.05 243.37 561.01 243.80 559.97 244.24 C 553.57 226.00 548.89 207.22 544.24 188.48 Z\"><\/path><path fill=\"#685f5a\" opacity=\"1.00\" d=\" M 573.22 187.94 C 579.41 187.97 585.63 188.00 591.84 188.03 C 597.00 224.34 603.82 260.39 608.94 296.70 C 608.23 297.39 607.52 298.09 606.82 298.79 C 605.60 298.44 604.38 298.09 603.17 297.76 C 592.23 261.42 582.09 224.84 573.22 187.94 Z\"><\/path><path fill=\"#685f5a\" opacity=\"1.00\" d=\" M 1131.36 311.38 C 1147.06 310.87 1161.14 322.45 1166.03 336.98 C 1167.56 345.91 1168.59 356.17 1162.96 363.98 C 1154.35 381.25 1130.03 387.10 1113.96 377.05 C 1100.28 369.39 1093.51 352.15 1098.06 337.13 C 1102.26 322.62 1116.27 311.89 1131.36 311.38 M 1129.43 317.48 C 1115.11 319.48 1101.94 332.39 1102.30 347.33 C 1102.33 357.61 1107.56 368.25 1117.07 372.87 C 1130.95 381.70 1152.16 376.33 1159.05 361.04 C 1163.99 352.94 1162.16 342.77 1159.78 334.14 C 1153.88 323.75 1141.98 314.80 1129.43 317.48 Z\"><\/path><path fill=\"#685f5a\" opacity=\"1.00\" d=\" M 1117.03 328.00 C 1125.33 328.95 1133.73 329.39 1141.93 331.12 C 1144.11 333.39 1146.42 336.46 1145.78 339.83 C 1144.36 344.51 1139.96 347.35 1136.61 350.51 C 1140.67 356.09 1145.03 361.52 1148.31 367.63 C 1137.75 367.21 1136.28 353.82 1127.15 350.91 C 1125.53 350.32 1123.88 349.86 1122.26 349.38 C 1122.05 355.11 1121.86 360.85 1121.66 366.59 C 1120.10 366.78 1118.55 366.97 1117.03 367.16 C 1116.97 354.11 1116.95 341.05 1117.03 328.00 M 1121.81 332.62 C 1122.15 336.83 1122.57 341.02 1123.00 345.23 C 1127.84 344.69 1132.97 345.23 1137.69 343.70 C 1140.38 341.41 1140.39 336.71 1137.24 334.81 C 1132.51 332.44 1126.84 333.37 1121.81 332.62 Z\"><\/path><path fill=\"#685f5a\" opacity=\"1.00\" d=\" M 1015.41 390.41 C 1036.91 388.97 1059.40 395.73 1074.77 411.24 C 1099.64 433.27 1104.09 475.63 1082.21 501.20 C 1073.25 512.90 1061.43 522.92 1047.11 527.16 C 1033.15 530.99 1018.31 532.05 1003.98 529.92 C 990.21 526.42 976.84 520.44 966.40 510.58 C 957.09 501.51 948.16 490.83 945.74 477.65 C 943.10 463.82 942.67 448.83 948.76 435.80 C 954.88 421.45 965.28 408.67 978.91 400.87 C 989.83 394.09 1002.69 391.17 1015.41 390.41 M 1014.43 410.43 C 992.55 412.90 971.03 429.31 967.98 452.00 C 966.16 464.22 967.11 477.91 974.99 488.02 C 980.80 497.62 990.81 503.86 1000.99 508.02 C 1022.89 514.34 1050.03 509.31 1064.02 490.02 C 1076.17 472.94 1076.23 448.19 1063.69 431.31 C 1052.45 416.42 1032.99 407.99 1014.43 410.43 Z\"><\/path><path fill=\"#685f5a\" opacity=\"1.00\" d=\" M 69.35 393.19 C 72.21 393.06 75.10 393.06 77.96 392.95 C 100.69 438.34 123.38 483.74 146.06 529.16 C 137.73 528.96 129.38 528.92 121.08 528.24 C 114.22 514.41 107.53 500.48 99.92 487.05 C 82.36 486.94 64.80 486.92 47.24 487.09 C 40.03 501.06 32.72 514.99 25.59 529.00 C 17.60 528.91 9.60 528.91 1.64 528.27 C 23.78 483.04 46.28 437.96 69.35 393.19 M 58.68 466.08 C 69.04 467.68 79.60 466.84 90.00 466.05 C 84.96 455.88 79.99 445.66 74.43 435.76 C 67.79 445.08 62.93 455.50 58.68 466.08 Z\"><\/path><path fill=\"#685f5a\" opacity=\"1.00\" d=\" M 254.01 393.01 C 279.68 392.98 305.34 392.98 331.00 393.01 C 331.00 400.00 331.00 406.99 331.00 413.99 C 312.66 413.97 294.32 414.03 275.99 414.01 C 276.01 424.67 276.02 435.33 275.99 446.00 C 294.33 445.97 312.66 446.03 331.00 446.01 C 330.99 452.66 330.99 459.33 331.00 465.99 C 312.67 465.96 294.34 466.03 276.01 466.01 C 276.01 487.00 275.99 508.00 275.99 529.01 C 268.66 528.99 261.33 528.99 254.01 529.00 C 253.99 483.67 253.98 438.34 254.01 393.01 Z\"><\/path><path fill=\"#685f5a\" opacity=\"1.00\" d=\" M 509.35 393.19 C 512.15 393.06 515.12 393.06 517.96 392.95 C 540.68 438.29 563.30 483.67 586.01 529.01 C 577.67 529.00 569.34 528.99 561.02 529.00 C 554.50 514.76 547.70 500.64 539.99 487.01 C 522.06 486.98 504.14 486.91 486.22 487.07 C 479.87 501.30 472.54 515.05 465.65 529.01 C 457.64 528.91 449.62 528.91 441.64 528.27 C 463.78 483.04 486.28 437.96 509.35 393.19 M 497.70 466.07 C 508.40 467.60 519.26 466.89 530.03 467.05 C 524.82 456.42 519.31 445.95 513.53 435.63 C 507.50 445.37 502.47 455.67 497.70 466.07 Z\"><\/path><path fill=\"#685f5a\" opacity=\"1.00\" d=\" M 702.96 393.01 C 705.62 393.02 708.28 393.02 710.96 393.02 C 722.10 412.76 731.92 433.22 743.05 452.97 C 750.22 465.66 757.15 478.50 764.27 491.23 C 782.30 458.72 799.89 425.98 817.37 393.18 C 820.19 393.45 823.14 393.79 825.99 394.10 C 832.87 439.37 839.77 484.64 846.18 529.98 C 838.81 529.98 831.46 529.98 824.12 529.98 C 820.39 503.43 816.60 476.89 812.37 450.41 C 796.45 476.09 783.12 503.30 768.62 529.80 C 765.67 529.80 762.99 529.98 760.11 530.03 C 749.22 509.26 737.92 488.72 726.94 468.01 C 723.74 462.05 720.18 456.29 716.41 450.67 C 711.64 477.06 708.16 503.66 703.82 530.13 C 696.59 529.93 689.36 530.05 682.17 529.25 C 687.37 493.19 692.96 457.18 698.22 421.13 C 699.62 411.73 700.90 402.30 702.96 393.01 Z\"><\/path><\/g><\/svg>\t\t\t<\/div>\n\t\t<\/div>\n\t\t\t\t<\/div>\n\t\t\t\t<\/div>\n\t\t\t\t\t<\/div>\n\t\t\t\t<\/div>\n\t\t\t\t<\/div>\n\t\t","protected":false},"excerpt":{"rendered":"<p>Cont\u00e1ctanos Cont\u00e1cto Horarios de atenci\u00f3n: Lunes a viernes de 9:00 a 18:00 hrs. 331 137 1831 Escribenos al: Env\u00edanos un correo electr\u00f3nico al vinculacion@afamo.com.mx\u00a0 Domicilio: Av Universidad 2000-A Colonia Linda Vista, Ocotl\u00e1n Jalisco, M\u00e9xico. Env\u00edanos un mensaje.<\/p>\n","protected":false},"author":1,"featured_media":0,"parent":0,"menu_order":0,"comment_status":"closed","ping_status":"closed","template":"","meta":{"_monsterinsights_skip_tracking":false,"_monsterinsights_sitenote_active":false,"_monsterinsights_sitenote_note":"","_monsterinsights_sitenote_category":0,"footnotes":""},"class_list":["post-5095","page","type-page","status-publish","hentry"],"aioseo_notices":[],"_links":{"self":[{"href":"https:\/\/afamo.com.mx\/index.php?rest_route=\/wp\/v2\/pages\/5095","targetHints":{"allow":["GET"]}}],"collection":[{"href":"https:\/\/afamo.com.mx\/index.php?rest_route=\/wp\/v2\/pages"}],"about":[{"href":"https:\/\/afamo.com.mx\/index.php?rest_route=\/wp\/v2\/types\/page"}],"author":[{"embeddable":true,"href":"https:\/\/afamo.com.mx\/index.php?rest_route=\/wp\/v2\/users\/1"}],"replies":[{"embeddable":true,"href":"https:\/\/afamo.com.mx\/index.php?rest_route=%2Fwp%2Fv2%2Fcomments&post=5095"}],"version-history":[{"count":19,"href":"https:\/\/afamo.com.mx\/index.php?rest_route=\/wp\/v2\/pages\/5095\/revisions"}],"predecessor-version":[{"id":7164,"href":"https:\/\/afamo.com.mx\/index.php?rest_route=\/wp\/v2\/pages\/5095\/revisions\/7164"}],"wp:attachment":[{"href":"https:\/\/afamo.com.mx\/index.php?rest_route=%2Fwp%2Fv2%2Fmedia&parent=5095"}],"curies":[{"name":"wp","href":"https:\/\/api.w.org\/{rel}","templated":true}]}}